{"id":1969,"date":"2017-11-07T09:37:52","date_gmt":"2017-11-07T08:37:52","guid":{"rendered":"http:\/\/adgphotographer.com\/?page_id=1969"},"modified":"2018-12-19T16:23:27","modified_gmt":"2018-12-19T15:23:27","slug":"servizio-fotografico-di-coppia-roma","status":"publish","type":"page","link":"https:\/\/adgphotographer.com\/it\/servizio-fotografico-di-coppia-roma\/","title":{"rendered":"Servizio fotografico di Coppia Roma"},"content":{"rendered":"<p>[vc_row][vc_column][vc_column_text]<\/p>\n<h1 style=\"text-align: center;\">Servizio fotografico di Coppia a Roma: Adg photographer<\/h1>\n<h2 style=\"font-size: 22px; text-align: center;\">Specializzato in Fotografia di matrimoni e ritratto in stile reportage<\/h2>\n<p>&nbsp;<\/p>\n<p style=\"text-align: center;\"><img loading=\"lazy\" decoding=\"async\" class=\"alignnone\" src=\"http:\/\/adgphotographer.com\/wp-content\/uploads\/2017\/08\/Destination-elopement-in-Italy-1-768x512.jpg\" sizes=\"auto, (max-width: 690px) 100vw, 690px\" srcset=\"http:\/\/adgphotographer.com\/wp-content\/uploads\/2017\/08\/Destination-elopement-in-Italy-1-768x512.jpg 768w, http:\/\/adgphotographer.com\/wp-content\/uploads\/2017\/08\/Destination-elopement-in-Italy-1-300x200.jpg 300w\" alt=\"Servizio fotografico di Coppia a Roma\" width=\"690\" height=\"460\" \/><\/p>\n<p style=\"text-align: center;\">Se stai sognando una <strong>fuga romantica a Roma<\/strong>, una citt\u00e0 ricca di storia e cultura, sono qui per renderlo realt\u00e0.<\/p>\n<p style=\"text-align: center;\">Non solo sar\u00f2 il tuo fotografo, ma soprattutto, sar\u00f2 tuo amico per farti sentire a tuo agio e a tuo agio in ogni passaggio del tuo giorno speciale.<\/p>\n<p style=\"text-align: center;\">Insieme, sceglieremo la migliore location per la tua fuga <strong>romantica a Roma<\/strong>, quella che si adatta perfettamente alle tue esigenze: sar\u00f2 in grado di trovare la migliore location per il <strong>servizio fotografico di Coppia a Rom<\/strong>a. Se vuoi sapere di pi\u00f9 sulla <strong>fuga d&#8217;amore in Roma<\/strong>, non esitare a <a href=\"http:\/\/adgphotographer.com\/contatti\/\">contattarmi<\/a>.<\/p>\n<p>&nbsp;<\/p>\n<p style=\"text-align: center;\"><a href=\"http:\/\/adgphotographer.com\/category\/matrimoni\/\"><br \/>\n<\/a><a href=\"http:\/\/adgphotographer.com\/category\/matrimoni\/\">GALLERIA\u00a0<\/a>\u00a0\u00a0\u00a0\u00a0\u00a0\u00a0\u00a0\u00a0\u00a0\u00a0\u00a0\u00a0<a href=\"http:\/\/adgphotographer.com\/contatti\/\">CONTATTACI<\/a><a href=\"http:\/\/adgphotographer.com\/destination-wedding-photographer\/\"><br \/>\n<\/a><\/p>\n<p>[\/vc_column_text][\/vc_column][\/vc_row]<\/p>\n","protected":false},"excerpt":{"rendered":"<p>[vc_row][vc_column][vc_column_text] Servizio fotografico di Coppia a Roma: Adg photographer Specializzato in Fotografia di matrimoni e ritratto in stile reportage &nbsp; Se stai sognando una fuga romantica a Roma, una citt\u00e0 ricca di storia e cultura, sono qui per renderlo realt\u00e0. Non solo sar\u00f2 il tuo fotografo, ma soprattutto, sar\u00f2 tuo amico per farti sentire a&#8230;<\/p>\n","protected":false},"author":2,"featured_media":1296,"parent":0,"menu_order":0,"comment_status":"closed","ping_status":"closed","template":"","meta":{"_kadence_starter_templates_imported_post":false,"_kad_post_transparent":"","_kad_post_title":"","_kad_post_layout":"","_kad_post_sidebar_id":"","_kad_post_content_style":"","_kad_post_vertical_padding":"","_kad_post_feature":"","_kad_post_feature_position":"","_kad_post_header":false,"_kad_post_footer":false,"_kad_post_classname":"","footnotes":""},"class_list":["post-1969","page","type-page","status-publish","has-post-thumbnail","hentry"],"_links":{"self":[{"href":"https:\/\/adgphotographer.com\/it\/wp-json\/wp\/v2\/pages\/1969","targetHints":{"allow":["GET"]}}],"collection":[{"href":"https:\/\/adgphotographer.com\/it\/wp-json\/wp\/v2\/pages"}],"about":[{"href":"https:\/\/adgphotographer.com\/it\/wp-json\/wp\/v2\/types\/page"}],"author":[{"embeddable":true,"href":"https:\/\/adgphotographer.com\/it\/wp-json\/wp\/v2\/users\/2"}],"replies":[{"embeddable":true,"href":"https:\/\/adgphotographer.com\/it\/wp-json\/wp\/v2\/comments?post=1969"}],"version-history":[{"count":23,"href":"https:\/\/adgphotographer.com\/it\/wp-json\/wp\/v2\/pages\/1969\/revisions"}],"predecessor-version":[{"id":7681,"href":"https:\/\/adgphotographer.com\/it\/wp-json\/wp\/v2\/pages\/1969\/revisions\/7681"}],"wp:featuredmedia":[{"embeddable":true,"href":"https:\/\/adgphotographer.com\/it\/wp-json\/wp\/v2\/media\/1296"}],"wp:attachment":[{"href":"https:\/\/adgphotographer.com\/it\/wp-json\/wp\/v2\/media?parent=1969"}],"curies":[{"name":"wp","href":"https:\/\/api.w.org\/{rel}","templated":true}]}}