{"id":36250,"date":"2024-12-11T12:08:43","date_gmt":"2024-12-11T11:08:43","guid":{"rendered":"http:\/\/adgphotographer.com\/?page_id=36250"},"modified":"2026-03-24T19:09:33","modified_gmt":"2026-03-24T18:09:33","slug":"about","status":"publish","type":"page","link":"https:\/\/adgphotographer.com\/it\/about\/","title":{"rendered":"About"},"content":{"rendered":"<style>.kb-row-layout-id36250_ec9302-7d > .kt-row-column-wrap{align-content:center;}:where(.kb-row-layout-id36250_ec9302-7d > .kt-row-column-wrap) > .wp-block-kadence-column{justify-content:center;}.kb-row-layout-id36250_ec9302-7d > .kt-row-column-wrap{column-gap:var(--global-kb-gap-lg, 4rem);row-gap:var(--global-kb-gap-md, 2rem);max-width:var( --global-content-width, 1290px );padding-left:var(--global-content-edge-padding);padding-right:var(--global-content-edge-padding);padding-top:var(--global-kb-spacing-xxl, 5rem);padding-bottom:var(--global-kb-spacing-xxl, 5rem);padding-left:0px;grid-template-columns:repeat(2, minmax(0, 1fr));}.kb-row-layout-id36250_ec9302-7d{background-color:#fbfbfb;}.kb-row-layout-id36250_ec9302-7d > .kt-row-layout-overlay{opacity:0.30;}.kb-row-layout-id36250_ec9302-7d ,.kb-row-layout-id36250_ec9302-7d h1,.kb-row-layout-id36250_ec9302-7d h2,.kb-row-layout-id36250_ec9302-7d h3,.kb-row-layout-id36250_ec9302-7d h4,.kb-row-layout-id36250_ec9302-7d h5,.kb-row-layout-id36250_ec9302-7d h6{color:var(--global-palette3, #1A202C);}.kb-row-layout-id36250_ec9302-7d a{color:var(--global-palette1, #3182CE);}.kb-row-layout-id36250_ec9302-7d a:hover{color:var(--global-palette2, #2B6CB0);}@media all and (max-width: 1024px){.kb-row-layout-id36250_ec9302-7d > .kt-row-column-wrap{column-gap:var(--global-kb-gap-md, 2rem);padding-right:var(--global-kb-spacing-sm, 1.5rem);padding-left:var(--global-kb-spacing-sm, 1.5rem);grid-template-columns:repeat(2, minmax(0, 1fr));}}@media all and (max-width: 767px){.kb-row-layout-id36250_ec9302-7d > .kt-row-column-wrap{grid-template-columns:minmax(0, 1fr);}}<\/style><div class=\"kb-row-layout-wrap kb-row-layout-id36250_ec9302-7d alignfull kt-row-has-bg wp-block-kadence-rowlayout\"><div class=\"kt-row-column-wrap kt-has-2-columns kt-row-layout-equal kt-tab-layout-inherit kt-mobile-layout-row kt-row-valign-middle kb-theme-content-width\">\n<style>.kadence-column36250_50eb3e-b8 > .kt-inside-inner-col{padding-top:0px;padding-bottom:0px;}.kadence-column36250_50eb3e-b8 > .kt-inside-inner-col{border-top:0px solid var(--global-palette7, #EDF2F7);border-right:0px solid var(--global-palette7, #EDF2F7);border-bottom:0px solid var(--global-palette7, #EDF2F7);border-left:0px solid var(--global-palette7, #EDF2F7);}.kadence-column36250_50eb3e-b8 > .kt-inside-inner-col,.kadence-column36250_50eb3e-b8 > .kt-inside-inner-col:before{border-top-left-radius:2px;border-top-right-radius:2px;border-bottom-right-radius:2px;border-bottom-left-radius:2px;}.kadence-column36250_50eb3e-b8 > .kt-inside-inner-col{column-gap:0px;}.kadence-column36250_50eb3e-b8 > .kt-inside-inner-col{flex-direction:column;}.kadence-column36250_50eb3e-b8 > .kt-inside-inner-col > .aligncenter{width:100%;}.kadence-column36250_50eb3e-b8 > .kt-inside-inner-col{background-image:url('https:\/\/adgphotographer.com\/wp-content\/uploads\/2026\/03\/Andrea-Di-Giampasquale-Photographer.jpg');background-size:contain;background-position:25% 82%;background-attachment:scroll;background-repeat:no-repeat;}.kadence-column36250_50eb3e-b8 > .kt-inside-inner-col:before{opacity:0.3;}.kadence-column36250_50eb3e-b8{text-align:left;}.kadence-column36250_50eb3e-b8{position:relative;}@media all and (max-width: 1024px){.kadence-column36250_50eb3e-b8 > .kt-inside-inner-col{padding-top:0px;padding-bottom:0px;padding-left:0px;border-top:0px solid var(--global-palette7, #EDF2F7);border-right:0px solid var(--global-palette7, #EDF2F7);border-bottom:0px solid var(--global-palette7, #EDF2F7);border-left:0px solid var(--global-palette7, #EDF2F7);flex-direction:column;justify-content:center;}}@media all and (max-width: 767px){.kadence-column36250_50eb3e-b8 > .kt-inside-inner-col{border-top:0px solid var(--global-palette7, #EDF2F7);border-right:0px solid var(--global-palette7, #EDF2F7);border-bottom:0px solid var(--global-palette7, #EDF2F7);border-left:0px solid var(--global-palette7, #EDF2F7);flex-direction:column;justify-content:center;}}<\/style>\n<div class=\"wp-block-kadence-column kadence-column36250_50eb3e-b8 kb-section-dir-vertical inner-column-2\"><div class=\"kt-inside-inner-col\"><style>.wp-block-kadence-image.kb-image36250_95219c-f9{position:relative;z-index:-200;}.kb-image36250_95219c-f9 .kb-image-has-overlay:after{opacity:0.3;}<\/style>\n<figure class=\"wp-block-kadence-image kb-image36250_95219c-f9 size-large kb-image-is-ratio-size\"><div class=\"kb-is-ratio-image kb-image-ratio-port34\"><img decoding=\"async\" src=\"https:\/\/adgphotographer.com\/wp-content\/uploads\/2026\/03\/Example-A-Roll-Image-1024x793-1.jpg\" alt=\"\" class=\"kb-img wp-image-39550\"\/><\/div><\/figure>\n<\/div><\/div>\n\n\n<style>.kadence-column36250_1686d4-97 > .kt-inside-inner-col{display:flex;}.kadence-column36250_1686d4-97 > .kt-inside-inner-col,.kadence-column36250_1686d4-97 > .kt-inside-inner-col:before{border-top-left-radius:0px;border-top-right-radius:0px;border-bottom-right-radius:0px;border-bottom-left-radius:0px;}.kadence-column36250_1686d4-97 > .kt-inside-inner-col{column-gap:var(--global-kb-gap-sm, 1rem);}.kadence-column36250_1686d4-97 > .kt-inside-inner-col{flex-direction:column;justify-content:center;align-items:center;}.kadence-column36250_1686d4-97 > .kt-inside-inner-col > .kb-image-is-ratio-size{align-self:stretch;}.kadence-column36250_1686d4-97 > .kt-inside-inner-col > .wp-block-kadence-advancedgallery{align-self:stretch;}.kadence-column36250_1686d4-97 > .kt-inside-inner-col > .aligncenter{width:100%;}.kt-row-column-wrap > .kadence-column36250_1686d4-97{align-self:center;}.kt-inner-column-height-full:not(.kt-has-1-columns) > .wp-block-kadence-column.kadence-column36250_1686d4-97{align-self:auto;}.kt-inner-column-height-full:not(.kt-has-1-columns) > .wp-block-kadence-column.kadence-column36250_1686d4-97 > .kt-inside-inner-col{flex-direction:column;justify-content:center;}.kadence-column36250_1686d4-97 > .kt-inside-inner-col:before{opacity:0.3;}.kadence-column36250_1686d4-97{text-align:left;}.kadence-column36250_1686d4-97{position:relative;}@media all and (max-width: 1024px){.kt-row-column-wrap > .kadence-column36250_1686d4-97{align-self:center;}}@media all and (max-width: 1024px){.kt-inner-column-height-full:not(.kt-has-1-columns) > .wp-block-kadence-column.kadence-column36250_1686d4-97{align-self:auto;}}@media all and (max-width: 1024px){.kt-inner-column-height-full:not(.kt-has-1-columns) > .wp-block-kadence-column.kadence-column36250_1686d4-97 > .kt-inside-inner-col{flex-direction:column;justify-content:center;}}@media all and (max-width: 1024px){.kadence-column36250_1686d4-97 > .kt-inside-inner-col{flex-direction:column;justify-content:center;align-items:center;}}@media all and (max-width: 767px){.kt-row-column-wrap > .kadence-column36250_1686d4-97{align-self:center;}.kt-inner-column-height-full:not(.kt-has-1-columns) > .wp-block-kadence-column.kadence-column36250_1686d4-97{align-self:auto;}.kt-inner-column-height-full:not(.kt-has-1-columns) > .wp-block-kadence-column.kadence-column36250_1686d4-97 > .kt-inside-inner-col{flex-direction:column;justify-content:center;}.kadence-column36250_1686d4-97 > .kt-inside-inner-col{flex-direction:column;justify-content:center;align-items:center;}}<\/style>\n<div class=\"wp-block-kadence-column kadence-column36250_1686d4-97\"><div class=\"kt-inside-inner-col\"><style>.wp-block-kadence-advancedheading.kt-adv-heading36250_21ed67-4d, .wp-block-kadence-advancedheading.kt-adv-heading36250_21ed67-4d[data-kb-block=\"kb-adv-heading36250_21ed67-4d\"]{max-width:1054px;margin-right:auto;margin-left:auto;margin-bottom:var(--global-kb-spacing-xl, 4rem);text-align:center;font-size:var(--global-kb-font-size-md, 1.25rem);font-style:normal;}.wp-block-kadence-advancedheading.kt-adv-heading36250_21ed67-4d mark.kt-highlight, .wp-block-kadence-advancedheading.kt-adv-heading36250_21ed67-4d[data-kb-block=\"kb-adv-heading36250_21ed67-4d\"] mark.kt-highlight{font-style:normal;color:#f76a0c;-webkit-box-decoration-break:clone;box-decoration-break:clone;padding-top:0px;padding-right:0px;padding-bottom:0px;padding-left:0px;}.wp-block-kadence-advancedheading.kt-adv-heading36250_21ed67-4d img.kb-inline-image, .wp-block-kadence-advancedheading.kt-adv-heading36250_21ed67-4d[data-kb-block=\"kb-adv-heading36250_21ed67-4d\"] img.kb-inline-image{width:150px;vertical-align:baseline;}<\/style>\n<h3 class=\"kt-adv-heading36250_21ed67-4d wp-block-kadence-advancedheading\" data-kb-block=\"kb-adv-heading36250_21ed67-4d\">ANDREA DI GIAMPASQUALE<\/h3>\n\n\n\n<p class=\"has-medium-font-size\">Andrea \u00e8 un fotografo specializzato in destination wedding in Italia. Si \u00e8 appassionato fin da molto giovane alla fotografia, che \u00e8 diventata subito il mezzo con cui raccontare la sua vita. Lo studio e la ricerca continua e personale lo hanno portato ad approfondire la fotografia naturalistica prima e quella documentaristica dopo. Un lungo viaggio, fatto di racconti di viaggio e di storie vere. La fotografia per Andrea ha un ruolo fondamentale nella sua esistenza. Rappresenta il modo principale insieme alle parole con cui si esprime, e lo accompagna trasformandosi nel tempo insieme alla sua persona.<br><br><em><em>Non \u00e8 facile descrivere ci\u00f2 che la fotografia rappresenta per me. So per certo che \u00e8 fondamentale nella mia vita e che penso dovrebbe esserlo nella vita di tutti. Ho sempre cercato di raccontare con foto cariche di significato ci\u00f2 che di pi\u00f9 semplice e irrilevante c&#8217;\u00e8 nella vita di tutti i giorni. Nel corso degli anni, la fotografia si \u00e8 evoluta con me. Siamo cresciuti insieme. Dire che rappresenta la mia passione sarebbe riduttivo. Per me \u00e8 parte integrante della mia vita e mi aiuta a esprimermi in un modo diverso dalle parole.<br>Penso che la fotografia sia paragonabile alla mia voce che si esprime con il cuore.<\/em><\/em><\/p>\n<\/div><\/div>\n\n<\/div><\/div>","protected":false},"excerpt":{"rendered":"<p>ANDREA DI GIAMPASQUALE Andrea \u00e8 un fotografo specializzato in destination wedding in Italia. Si \u00e8 appassionato fin da molto giovane alla fotografia, che \u00e8 diventata subito il mezzo con cui raccontare la sua vita. Lo studio e la ricerca continua e personale lo hanno portato ad approfondire la fotografia naturalistica prima e quella documentaristica dopo&#8230;.<\/p>\n","protected":false},"author":2,"featured_media":0,"parent":0,"menu_order":0,"comment_status":"closed","ping_status":"closed","template":"","meta":{"_kadence_starter_templates_imported_post":false,"_kad_post_transparent":"","_kad_post_title":"","_kad_post_layout":"","_kad_post_sidebar_id":"","_kad_post_content_style":"","_kad_post_vertical_padding":"","_kad_post_feature":"","_kad_post_feature_position":"","_kad_post_header":false,"_kad_post_footer":false,"_kad_post_classname":"","footnotes":""},"class_list":["post-36250","page","type-page","status-publish","hentry"],"_links":{"self":[{"href":"https:\/\/adgphotographer.com\/it\/wp-json\/wp\/v2\/pages\/36250","targetHints":{"allow":["GET"]}}],"collection":[{"href":"https:\/\/adgphotographer.com\/it\/wp-json\/wp\/v2\/pages"}],"about":[{"href":"https:\/\/adgphotographer.com\/it\/wp-json\/wp\/v2\/types\/page"}],"author":[{"embeddable":true,"href":"https:\/\/adgphotographer.com\/it\/wp-json\/wp\/v2\/users\/2"}],"replies":[{"embeddable":true,"href":"https:\/\/adgphotographer.com\/it\/wp-json\/wp\/v2\/comments?post=36250"}],"version-history":[{"count":2,"href":"https:\/\/adgphotographer.com\/it\/wp-json\/wp\/v2\/pages\/36250\/revisions"}],"predecessor-version":[{"id":39569,"href":"https:\/\/adgphotographer.com\/it\/wp-json\/wp\/v2\/pages\/36250\/revisions\/39569"}],"wp:attachment":[{"href":"https:\/\/adgphotographer.com\/it\/wp-json\/wp\/v2\/media?parent=36250"}],"curies":[{"name":"wp","href":"https:\/\/api.w.org\/{rel}","templated":true}]}}